{"id":994,"date":"2017-12-22T10:24:46","date_gmt":"2017-12-22T09:24:46","guid":{"rendered":"https:\/\/schildhof-ebion.com\/impressum\/"},"modified":"2017-12-22T10:24:46","modified_gmt":"2017-12-22T09:24:46","slug":"impressum","status":"publish","type":"page","link":"https:\/\/schildhof-ebion.com\/it\/impressum\/","title":{"rendered":"Impressum"},"content":{"rendered":"<p style=\"text-align: left;\"><strong>Gesetzlicher Vertreter:<\/strong><br \/>\nPichler Oswald<\/p>\n<p>&nbsp;<\/p>\n<p style=\"text-align: left;\"><strong>Kontakt:<\/strong><br \/>\nSchildhof Ebion<br \/>\nM\u00f6rre 43<br \/>\n39015 St.Leonhard Passeier<br \/>\nS\u00fcdtirol \u2013 Italien<br \/>\n<a href=\"tel: +393487795158\">Tel: +39 348 7795158<\/a><br \/>\nE-Mail: <a href=\"mailto:ferien@schildhof-ebion.com\">ferien@schildhof-ebion.com<\/a><\/p>\n<p>&nbsp;<\/p>\n<p style=\"text-align: left;\"><strong>Fotos:<br \/>\n<\/strong>Privatarchiv Fam. Pichler<br \/>\nBildarchiv Tourismusverein Passeiertal<br \/>\nBilddatenbank f\u00fcr die Ferienregion Meraner Land<\/p>\n<p>&nbsp;<\/p>\n<p style=\"text-align: left;\"><strong>Design &amp; Programmierung:<\/strong><br \/>\n<a href=\"http:\/\/www.fahrner.it\" target=\"_blank\" rel=\"noopener noreferrer\">[lukas fahrner]<\/a><br \/>\nWebprogrammierung &amp; Suchmaschinenoptimierung<\/p>\n<p>&nbsp;<\/p>\n<p style=\"text-align: left;\"><strong>Haftungsausschluss<\/strong><br \/>\nDiese Website enth\u00e4lt Links auf Websites von Dritten. Trotz sorgf\u00e4ltiger inhaltlicher Kontrolle wird keinerlei Haftung f\u00fcr den Inhalt der verlinkten Websites \u00fcbernommen. Die Verantwortung und Haftung f\u00fcr deren Inhalt und Gestaltung liegt ausschlie\u00dflich bei den jeweiligen Betreibern.<\/p>\n<p style=\"text-align: left;\">Wir achten auf die Vollst\u00e4ndigkeit und Aktualit\u00e4t der Internetseite, dennoch behalten wir uns vor, kurzfristige \u00c4nderungen des Angebotes vorzunehmen. Wir weisen darauf hin, dass f\u00fcr den Gast die Leistungen und der Preis laut Buchungsbest\u00e4tigung rechtlich verbindlich sind.<\/p>\n<p>&nbsp;<\/p>\n<p style=\"text-align: left;\"><strong>Pflichtinformation nach EU-Verordnung Nr. 524\/2013 des Europ\u00e4ischen Parlaments und Rats<\/strong><br \/>\nPlattform zur Online-Beilegung verbraucherrechtlicher Streitigkeiten (ODR) der Europ\u00e4ischen Kommission: <a href=\"http:\/\/ec.europa.eu\/consumers\/odr\/\" target=\"_blank\" rel=\"noopener noreferrer\">http:\/\/ec.europa.eu\/consumers\/odr\/<\/a><\/p>","protected":false},"excerpt":{"rendered":"Gesetzlicher Vertreter: Pichler Oswald &nbsp; Kontakt: Schildhof Ebion M\u00f6rre 43 39015 St.Leonhard Passeier S\u00fcdtirol \u2013 Italien Tel: +39 348 7795158 E-Mail: ferien@schildhof-ebion.com &nbsp; Fotos: Privatarchiv Fam. Pichler Bildarchiv Tourismusverein Passeiertal Bilddatenbank f\u00fcr die Ferienregion Meraner Land &nbsp; Design &amp; Programmierung: [lukas fahrner] Webprogrammierung &amp; Suchmaschinenoptimierung &nbsp; Haftungsausschluss Diese Website enth\u00e4lt Links auf Websites von Dritten&#8230;. <a class=\"view-article\" href=\"https:\/\/schildhof-ebion.com\/it\/impressum\/\">Mostra articolo<\/a>","protected":false},"author":2,"featured_media":0,"parent":0,"menu_order":98,"comment_status":"closed","ping_status":"closed","template":"","meta":{"footnotes":""},"acf":[],"_links":{"self":[{"href":"https:\/\/schildhof-ebion.com\/it\/wp-json\/wp\/v2\/pages\/994"}],"collection":[{"href":"https:\/\/schildhof-ebion.com\/it\/wp-json\/wp\/v2\/pages"}],"about":[{"href":"https:\/\/schildhof-ebion.com\/it\/wp-json\/wp\/v2\/types\/page"}],"author":[{"embeddable":true,"href":"https:\/\/schildhof-ebion.com\/it\/wp-json\/wp\/v2\/users\/2"}],"replies":[{"embeddable":true,"href":"https:\/\/schildhof-ebion.com\/it\/wp-json\/wp\/v2\/comments?post=994"}],"version-history":[{"count":0,"href":"https:\/\/schildhof-ebion.com\/it\/wp-json\/wp\/v2\/pages\/994\/revisions"}],"wp:attachment":[{"href":"https:\/\/schildhof-ebion.com\/it\/wp-json\/wp\/v2\/media?parent=994"}],"curies":[{"name":"wp","href":"https:\/\/api.w.org\/{rel}","templated":true}]}}