{"id":992,"date":"2017-12-22T10:58:06","date_gmt":"2017-12-22T09:58:06","guid":{"rendered":"https:\/\/schildhof-ebion.com\/cookies\/"},"modified":"2017-12-22T10:58:06","modified_gmt":"2017-12-22T09:58:06","slug":"cookies","status":"publish","type":"page","link":"https:\/\/schildhof-ebion.com\/it\/cookies\/","title":{"rendered":"Cookies"},"content":{"rendered":"<p style=\"text-align: left;\">Die EU-Richtlinie 2009\/136\/EG (E-Privacy) regelt die Verwendung von Cookies auf Webseiten. Diese wurde am 25. Mai 2012 in Italien umgesetzt.<\/p>\n<p>&nbsp;<\/p>\n<p style=\"text-align: left;\"><strong>Was sind Cookies?<\/strong><br \/>\nCookies sind kleine Textdateien, die auf Ihrem Computer abgelegt werden, wenn Sie bestimmte Websites besuchen.<br \/>\nWir verwenden Cookies f\u00fcr die Website und -Subdomains \u2013 wobei wir den Benutzer um seine Zustimmung bitten, wo dies per Gesetz oder einschl\u00e4gige Bestimmungen verlangt wird \u2013, um dem Benutzer das Navigieren zu erleichtern und die an den Benutzer \u00fcbermittelten Informationen zu personalisieren.<br \/>\nWir verwenden dar\u00fcber hinaus entsprechende Systeme, um Informationen \u00fcber den Benutzer zu sammeln, wie zum Beispiel seine IP-Adresse, den verwendeten Browser und das Betriebssystem und\/oder von einem Benutzer besuchte Websites f\u00fcr Sicherheits- und Statistikzwecke.<br \/>\nWenn Sie entscheiden, Cookies zu deaktivieren oder abzulehnen, k\u00f6nnen Sie auf einige Teile der Website und mit ihr verbundener Subdomains m\u00f6glicherweise nicht zugreifen oder sie funktionieren nicht ordnungsgem\u00e4\u00df. Um eine vollst\u00e4ndige und problemlose Nutzung dieser Website zu gew\u00e4hrleisten, sollten Sie Ihren Browser so einrichten, dass er diese Cookies akzeptiert.<br \/>\nDie Cookies stellen f\u00fcr Ihren Computer, Ihr Tablet oder Ihr Smartphone keine Gefahr dar. Die von dieser Seite erzeugten Cookies enthalten keine personenbezogenen Informationen, die zur Identifizierung des Benutzers verwendet werden k\u00f6nnen, sondern nur verschl\u00fcsselte Daten.<\/p>\n<p>&nbsp;<\/p>\n<p style=\"text-align: left;\"><strong>Die Website und mit ihr verbundene Subdomains verwenden die folgenden Arten von Cookies:<\/strong><\/p>\n<p>&nbsp;<\/p>\n<p style=\"text-align: left;\"><strong>Navigationscookies<\/strong><br \/>\nDiese Cookies erm\u00f6glichen die Navigation auf der Website und die Nutzung ihrer Funktionen. Ohne Cookies k\u00f6nnen Sie m\u00f6glicherweise nicht auf diese Funktionen zugreifen oder sie funktionieren nicht ordnungsgem\u00e4\u00df. Die absolut n\u00f6tigen Cookies dienen dazu, eine Kennung zu speichern, sodass wir jeden Benutzer eindeutig identifizieren und einen einheitlichen und genau abgestimmten Dienst bereitstellen k\u00f6nnen.<\/p>\n<p>&nbsp;<\/p>\n<p style=\"text-align: left;\"><strong>Leistungscookies<\/strong><br \/>\nDiese Cookies k\u00f6nnen von uns selbst oder von einem unserer Partner stammen; es kann sich dabei um Sitzungscookies oder um permanente Cookies handeln. Sie dienen nur der Website-Performance und Verbesserung. Diese Cookies sammeln keine Informationen, mit denen der Benutzer identifiziert werden kann. Alle Informationen, die mithilfe dieser Cookies gesammelt werden, werden in anonymer Form zusammengefasst und nur zur Verbesserung der Funktionalit\u00e4t der Website genutzt<\/p>\n<p>&nbsp;<\/p>\n<p style=\"text-align: left;\"><strong>Funktionscookies<\/strong><br \/>\nCookies werden normalerweise infolge einer Handlung des Benutzers auf seinem Computer abgelegt, jedoch k\u00f6nnen sie auch empfangen werden, wenn dem Benutzer ein Dienst angeboten wird, ohne dass dieser ausdr\u00fccklich angefordert wurde. Sie k\u00f6nnen dazu dienen zu verhindern, dass derselbe Dienst demselben Benutzer mehr als einmal angeboten wird. Dar\u00fcber hinaus erm\u00f6glichen diese Cookies der Website, Entscheidungen des Benutzers nachzuhalten. Die von diesen Cookies gesammelten Informationen sind anonym und k\u00f6nnen nicht dazu verwendet werden, das Verhalten des Benutzers auf anderen Websites zu beurteilen.<\/p>\n<p>&nbsp;<\/p>\n<p style=\"text-align: left;\"><strong>Cookies von Dritten f\u00fcr Marketing-\/Retargetingzwecke<\/strong><br \/>\nDiese Cookies werden von Partnern eingesetzt, um unsere Werbung einzublenden, wenn Sie andere Websites besuchen, und zum Beispiel die Produkte anzuzeigen, die Sie sich zuletzt auf unserer Website angesehen haben. Diese Cookies k\u00f6nnen auch dazu verwendet werden, Produkte zu zeigen, die Sie m\u00f6glicherweise interessieren oder die anderen Produkten \u00e4hneln, die Sie sich zuvor angesehen haben. Diese Cookies sind nicht mit der Verarbeitung personenbezogener Informationen verbunden, k\u00f6nnen aber den Zugriff auf den Browser erm\u00f6glichen, der auf Ihrem Computer oder anderen Ger\u00e4ten installiert ist.<\/p>\n<p>&nbsp;<\/p>\n<p style=\"text-align: left;\"><strong>Wie kann ich die Speicherung von Cookies unterbinden?<\/strong><\/p>\n<p style=\"text-align: left;\">Sie k\u00f6nnen Cookies anhand Ihrer Browsereinstellungen daktivieren oder l\u00f6schen. Das Deaktivieren der Cookies kann dazu f\u00fchren, dass einige Webseiten nicht mehr wie gew\u00fcnscht funktionieren.<\/p>\n<p>&nbsp;<\/p>\n<p style=\"text-align: left;\"><strong>So finden Sie die entsprechenden Browsereinstellungen<\/strong><\/p>\n<p>&nbsp;<\/p>\n<p style=\"text-align: left;\"><strong>Internet Explorer:<\/strong><br \/>\n1. \u00d6ffnen Sie den Internet Explorer.<br \/>\n2. Klicken Sie auf die Schaltfl\u00e4che Extras und dann auf Internetoptionen.<br \/>\n3. Klicken Sie auf die Registerkarte Datenschutz.<\/p>\n<p>&nbsp;<\/p>\n<p style=\"text-align: left;\"><strong>Mozilla Firefox:<\/strong><br \/>\n1. \u00d6ffnen Sie den Mozilla Firefox.<br \/>\n2. Klicken Sie auf das Men\u00fcsymbol und w\u00e4hlen Sie Einstellungen.<br \/>\n3. \u00d6ffnen Sie den Abschnitt Datenschutz.<br \/>\n4. W\u00e4hlen Sie bei \u201eFirefox wird eine Chronik:\u201c folgendes aus: \u201enach benutzerdefinierten Einstellungen anlegen\u201c.<\/p>\n<p>&nbsp;<\/p>\n<p style=\"text-align: left;\"><strong>Google Chrome:<\/strong><br \/>\n1. \u00d6ffnen Sie Google Chrome.<br \/>\n2. Klicken Sie auf das Men\u00fcsymbol und w\u00e4hlen Sie Einstellungen.<br \/>\n3. Klicken Sie auf \u201eErweiterte Einstellungen anzeigen\u201c.<br \/>\n4. W\u00e4hlen Sie im Abschnitt \u201eDatenschutz\u201c die Option Inhaltseinstellungen aus.<\/p>\n<p style=\"text-align: left;\">Au\u00dferdem bietet die European Interactive Digital Advertising Alliance unter www.youronlinechoices.eu die M\u00f6glichkeit nicht technische Cookies von Dritten zu deaktivieren.<\/p>\n<p>&nbsp;<\/p>\n<p style=\"text-align: left;\"><strong>Wichtiger Hinweis<\/strong><\/p>\n<p style=\"text-align: left;\">\u201eDiese Website benutzt Google Analytics, einen Webanalysedienst der Google Inc. (\u201eGoogle\u201c). Google Analytics verwendet sog. \u201eCookies\u201c, Textdateien, die auf Ihrem Computer gespeichert werden und die eine Analyse der Benutzung der Website durch Sie erm\u00f6glichen. Die durch den Cookie erzeugten Informationen \u00fcber Ihre Benutzung dieser Website werden in der Regel an einen Server von Google in den USA \u00fcbertragen und dort gespeichert. Im Falle der Aktivierung der IP-Anonymisierung auf dieser Webseite, wird Ihre IP-Adresse von Google jedoch innerhalb von Mitgliedstaaten der Europ\u00e4ischen Union oder in anderen Vertragsstaaten des Abkommens \u00fcber den Europ\u00e4ischen Wirtschaftsraum zuvor gek\u00fcrzt. Nur in Ausnahmef\u00e4llen wird die volle IP-Adresse an einen Server von Google in den USA \u00fcbertragen und dort gek\u00fcrzt. Im Auftrag des Betreibers dieser Website wird Google diese Informationen benutzen, um Ihre Nutzung der Website auszuwerten, um Reports \u00fcber die Websiteaktivit\u00e4ten zusammenzustellen und um weitere mit der Websitenutzung und der Internetnutzung verbundene Dienstleistungen gegen\u00fcber dem Websitebetreiber zu erbringenDie im Rahmen von Google Analytics von Ihrem Browser \u00fcbermittelte IP-Adresse wird nicht mit anderen Daten von Google zusammengef\u00fchrt. Sie k\u00f6nnen die Speicherung der Cookies durch eine entsprechende Einstellung Ihrer Browser-Software verhindern; wir weisen Sie jedoch darauf hin, dass Sie in diesem Fall gegebenenfalls nicht s\u00e4mtliche Funktionen dieser Website vollumf\u00e4nglich werden nutzen k\u00f6nnen. Sie k\u00f6nnen dar\u00fcber hinaus die Erfassung der durch das Cookie erzeugten und auf Ihre Nutzung der Website bezogenen Daten (inkl. Ihrer IP-Adresse) an Google sowie die Verarbeitung dieser Daten durch Google verhindern, indem sie das unter dem folgenden Link verf\u00fcgbare Browser-Plugin herunterladen und installieren <a href=\"http:\/\/tools.google.com\/dlpage\/gaoptout?hl=de\" target=\"_blank\" rel=\"noopener\">http:\/\/tools.google.com\/dlpage\/gaoptout?hl=de<\/a><\/p>","protected":false},"excerpt":{"rendered":"Die EU-Richtlinie 2009\/136\/EG (E-Privacy) regelt die Verwendung von Cookies auf Webseiten. Diese wurde am 25. Mai 2012 in Italien umgesetzt. &nbsp; Was sind Cookies? Cookies sind kleine Textdateien, die auf Ihrem Computer abgelegt werden, wenn Sie bestimmte Websites besuchen. Wir verwenden Cookies f\u00fcr die Website und -Subdomains \u2013 wobei wir den Benutzer um seine Zustimmung&#8230; <a class=\"view-article\" href=\"https:\/\/schildhof-ebion.com\/it\/cookies\/\">Mostra articolo<\/a>","protected":false},"author":2,"featured_media":0,"parent":0,"menu_order":99,"comment_status":"closed","ping_status":"closed","template":"","meta":{"footnotes":""},"acf":[],"_links":{"self":[{"href":"https:\/\/schildhof-ebion.com\/it\/wp-json\/wp\/v2\/pages\/992"}],"collection":[{"href":"https:\/\/schildhof-ebion.com\/it\/wp-json\/wp\/v2\/pages"}],"about":[{"href":"https:\/\/schildhof-ebion.com\/it\/wp-json\/wp\/v2\/types\/page"}],"author":[{"embeddable":true,"href":"https:\/\/schildhof-ebion.com\/it\/wp-json\/wp\/v2\/users\/2"}],"replies":[{"embeddable":true,"href":"https:\/\/schildhof-ebion.com\/it\/wp-json\/wp\/v2\/comments?post=992"}],"version-history":[{"count":0,"href":"https:\/\/schildhof-ebion.com\/it\/wp-json\/wp\/v2\/pages\/992\/revisions"}],"wp:attachment":[{"href":"https:\/\/schildhof-ebion.com\/it\/wp-json\/wp\/v2\/media?parent=992"}],"curies":[{"name":"wp","href":"https:\/\/api.w.org\/{rel}","templated":true}]}}