{"id":1005,"date":"2017-12-18T13:58:10","date_gmt":"2017-12-18T12:58:10","guid":{"rendered":"https:\/\/schildhof-ebion.com\/beispiel-seite\/"},"modified":"2024-06-13T09:31:09","modified_gmt":"2024-06-13T07:31:09","slug":"beispiel-seite","status":"publish","type":"page","link":"https:\/\/schildhof-ebion.com\/it\/","title":{"rendered":"VACANZE IN FATTORIA"},"content":{"rendered":"<p>Il Maso\u00a0dello\u00a0Scudo\u00a0Ebion, classe 3 fiori, \u00e8 situato in una posizione tranquilla, lontano dallo stress e dalla frenesia. Si trova tuttavia non lontano dal villaggio di San Martino in Passiria e a circa 10 km dalla citt\u00e0 termale di Merano. La fattoria \u00e8 un buon punto di partenza per escursioni di vari gradi di difficolt\u00e0 e numerose altre attivit\u00e0 sportive ed esperienze culturali. Vivete il paradiso naturale del nostro splendido posto, con le sue fattorie rustiche, i suoi abitanti calorosi e aperti e il paesaggio alpino incontaminato. La nostra casa, con la sua atmosfera curata e familiare, vi invita a trascorrere una piacevole vacanza.<\/p>\n<p><a href=\"https:\/\/www.merano-suedtirol.it\/it\/val-passiria\/informazioni-servizi\/informazioni\/biglietti-vantaggiosi\/alto-adige-guest-pass-val-passiria-premium.html\" target=\"_blank\" rel=\"noopener\"><img decoding=\"async\" loading=\"lazy\" class=\"alignnone wp-image-1287 size-medium\" src=\"https:\/\/schildhof-ebion.com\/wp-content\/uploads\/2024\/06\/guest-pass-250x188.png\" alt=\"\" width=\"250\" height=\"188\" srcset=\"https:\/\/schildhof-ebion.com\/wp-content\/uploads\/2024\/06\/guest-pass-250x188.png 250w, https:\/\/schildhof-ebion.com\/wp-content\/uploads\/2024\/06\/guest-pass-120x90.png 120w, https:\/\/schildhof-ebion.com\/wp-content\/uploads\/2024\/06\/guest-pass.png 400w\" sizes=\"(max-width: 250px) 100vw, 250px\" \/><\/a><\/p>\n<h3>NUOVO 2024<br \/>\nAlto Adige Guest Pass<br \/>\nVal Passiria Premium<br \/>\ninklusive<\/h3>","protected":false},"excerpt":{"rendered":"Il Maso\u00a0dello\u00a0Scudo\u00a0Ebion, classe 3 fiori, \u00e8 situato in una posizione tranquilla, lontano dallo stress e dalla frenesia. Si trova tuttavia non lontano dal villaggio di San Martino in Passiria e a circa 10 km dalla citt\u00e0 termale di Merano. La fattoria \u00e8 un buon punto di partenza per escursioni di vari gradi di difficolt\u00e0 e&#8230; <a class=\"view-article\" href=\"https:\/\/schildhof-ebion.com\/it\/\">Mostra articolo<\/a>","protected":false},"author":1,"featured_media":0,"parent":0,"menu_order":0,"comment_status":"closed","ping_status":"open","template":"","meta":{"footnotes":""},"acf":[],"_links":{"self":[{"href":"https:\/\/schildhof-ebion.com\/it\/wp-json\/wp\/v2\/pages\/1005"}],"collection":[{"href":"https:\/\/schildhof-ebion.com\/it\/wp-json\/wp\/v2\/pages"}],"about":[{"href":"https:\/\/schildhof-ebion.com\/it\/wp-json\/wp\/v2\/types\/page"}],"author":[{"embeddable":true,"href":"https:\/\/schildhof-ebion.com\/it\/wp-json\/wp\/v2\/users\/1"}],"replies":[{"embeddable":true,"href":"https:\/\/schildhof-ebion.com\/it\/wp-json\/wp\/v2\/comments?post=1005"}],"version-history":[{"count":5,"href":"https:\/\/schildhof-ebion.com\/it\/wp-json\/wp\/v2\/pages\/1005\/revisions"}],"predecessor-version":[{"id":1294,"href":"https:\/\/schildhof-ebion.com\/it\/wp-json\/wp\/v2\/pages\/1005\/revisions\/1294"}],"wp:attachment":[{"href":"https:\/\/schildhof-ebion.com\/it\/wp-json\/wp\/v2\/media?parent=1005"}],"curies":[{"name":"wp","href":"https:\/\/api.w.org\/{rel}","templated":true}]}}